{"id":400,"date":"2023-04-15T10:17:11","date_gmt":"2023-04-15T10:17:11","guid":{"rendered":"https:\/\/kompassus.pt\/2023\/?page_id=400"},"modified":"2023-04-15T10:47:42","modified_gmt":"2023-04-15T10:47:42","slug":"kompassus-reserva-en","status":"publish","type":"page","link":"https:\/\/kompassus.pt\/?page_id=400&lang=en","title":{"rendered":"Kompassus Reserva EN"},"content":{"rendered":"\t\t<div data-elementor-type=\"wp-page\" data-elementor-id=\"400\" class=\"elementor elementor-400\">\n\t\t\t\t\t\t<section class=\"elementor-section elementor-top-section elementor-element elementor-element-5583649 elementor-section-boxed elementor-section-height-default elementor-section-height-default wpr-particle-no wpr-jarallax-no wpr-parallax-no wpr-sticky-section-no\" data-id=\"5583649\" data-element_type=\"section\" data-settings=\"{&quot;background_background&quot;:&quot;classic&quot;}\">\n\t\t\t\t\t\t<div class=\"elementor-container elementor-column-gap-default\">\n\t\t\t\t\t<div class=\"elementor-column elementor-col-100 elementor-top-column elementor-element elementor-element-9c77739\" data-id=\"9c77739\" data-element_type=\"column\">\n\t\t\t<div class=\"elementor-widget-wrap\">\n\t\t\t\t\t\t\t<\/div>\n\t\t<\/div>\n\t\t\t\t\t<\/div>\n\t\t<\/section>\n\t\t\t\t<section class=\"elementor-section elementor-top-section elementor-element elementor-element-459c151 elementor-section-boxed elementor-section-height-default elementor-section-height-default wpr-particle-no wpr-jarallax-no wpr-parallax-no wpr-sticky-section-no\" data-id=\"459c151\" data-element_type=\"section\">\n\t\t\t\t\t\t<div class=\"elementor-container elementor-column-gap-default\">\n\t\t\t\t\t<div class=\"elementor-column elementor-col-50 elementor-top-column elementor-element elementor-element-91ee28b\" data-id=\"91ee28b\" data-element_type=\"column\">\n\t\t\t<div class=\"elementor-widget-wrap elementor-element-populated\">\n\t\t\t\t\t\t<div class=\"elementor-element elementor-element-37c3770 elementor-widget elementor-widget-image\" data-id=\"37c3770\" data-element_type=\"widget\" data-widget_type=\"image.default\">\n\t\t\t\t<div class=\"elementor-widget-container\">\n\t\t\t<style>\/*! elementor - v3.22.0 - 26-06-2024 *\/\n.elementor-widget-image{text-align:center}.elementor-widget-image a{display:inline-block}.elementor-widget-image a img[src$=\".svg\"]{width:48px}.elementor-widget-image img{vertical-align:middle;display:inline-block}<\/style>\t\t\t\t\t\t\t\t\t\t<img fetchpriority=\"high\" decoding=\"async\" width=\"538\" height=\"792\" src=\"https:\/\/kompassus.pt\/wp-content\/uploads\/2023\/02\/kompassus_reserva.png\" class=\"attachment-large size-large wp-image-106\" alt=\"\" srcset=\"https:\/\/kompassus.pt\/wp-content\/uploads\/2023\/02\/kompassus_reserva.png 538w, https:\/\/kompassus.pt\/wp-content\/uploads\/2023\/02\/kompassus_reserva-204x300.png 204w\" sizes=\"(max-width: 538px) 100vw, 538px\" \/>\t\t\t\t\t\t\t\t\t\t\t\t\t<\/div>\n\t\t\t\t<\/div>\n\t\t\t\t\t<\/div>\n\t\t<\/div>\n\t\t\t\t<div class=\"elementor-column elementor-col-50 elementor-top-column elementor-element elementor-element-1bf67c0\" data-id=\"1bf67c0\" data-element_type=\"column\">\n\t\t\t<div class=\"elementor-widget-wrap elementor-element-populated\">\n\t\t\t\t\t\t<div class=\"elementor-element elementor-element-f3a259d elementor-widget elementor-widget-heading\" data-id=\"f3a259d\" data-element_type=\"widget\" data-widget_type=\"heading.default\">\n\t\t\t\t<div class=\"elementor-widget-container\">\n\t\t\t<style>\/*! elementor - v3.22.0 - 26-06-2024 *\/\n.elementor-heading-title{padding:0;margin:0;line-height:1}.elementor-widget-heading .elementor-heading-title[class*=elementor-size-]>a{color:inherit;font-size:inherit;line-height:inherit}.elementor-widget-heading .elementor-heading-title.elementor-size-small{font-size:15px}.elementor-widget-heading .elementor-heading-title.elementor-size-medium{font-size:19px}.elementor-widget-heading .elementor-heading-title.elementor-size-large{font-size:29px}.elementor-widget-heading .elementor-heading-title.elementor-size-xl{font-size:39px}.elementor-widget-heading .elementor-heading-title.elementor-size-xxl{font-size:59px}<\/style><h2 class=\"elementor-heading-title elementor-size-default\">Kompassus Reserva<\/h2>\t\t<\/div>\n\t\t\t\t<\/div>\n\t\t\t\t<div class=\"elementor-element elementor-element-08cf155 elementor-widget elementor-widget-heading\" data-id=\"08cf155\" data-element_type=\"widget\" data-widget_type=\"heading.default\">\n\t\t\t\t<div class=\"elementor-widget-container\">\n\t\t\t<h2 class=\"elementor-heading-title elementor-size-default\">Kompassus <br>\n<span style=\"color: #ab986a;\">Reserva Red <\/span> <br>\n2019<br><\/h2>\t\t<\/div>\n\t\t\t\t<\/div>\n\t\t\t\t<div class=\"elementor-element elementor-element-0554f8e elementor-widget elementor-widget-heading\" data-id=\"0554f8e\" data-element_type=\"widget\" data-widget_type=\"heading.default\">\n\t\t\t\t<div class=\"elementor-widget-container\">\n\t\t\t<h2 class=\"elementor-heading-title elementor-size-default\">Awards<\/h2>\t\t<\/div>\n\t\t\t\t<\/div>\n\t\t\t\t<div class=\"elementor-element elementor-element-ea08887 elementor-widget elementor-widget-text-editor\" data-id=\"ea08887\" data-element_type=\"widget\" data-widget_type=\"text-editor.default\">\n\t\t\t\t<div class=\"elementor-widget-container\">\n\t\t\t<style>\/*! elementor - v3.22.0 - 26-06-2024 *\/\n.elementor-widget-text-editor.elementor-drop-cap-view-stacked .elementor-drop-cap{background-color:#69727d;color:#fff}.elementor-widget-text-editor.elementor-drop-cap-view-framed .elementor-drop-cap{color:#69727d;border:3px solid;background-color:transparent}.elementor-widget-text-editor:not(.elementor-drop-cap-view-default) .elementor-drop-cap{margin-top:8px}.elementor-widget-text-editor:not(.elementor-drop-cap-view-default) .elementor-drop-cap-letter{width:1em;height:1em}.elementor-widget-text-editor .elementor-drop-cap{float:left;text-align:center;line-height:1;font-size:50px}.elementor-widget-text-editor .elementor-drop-cap-letter{display:inline-block}<\/style>\t\t\t\t<p>Colheita 2005 &#8211; 17 pontos, Revista de Vinhos Dezembro 2008, Melhores do ano, Revista dos Vinhos Fevereiro 2009<\/p><p>Colheita 2006 &#8211; 17.5 pontos, Revista de Vinhos Janeiro 2010<\/p><p>Colheita 2011 &#8211; Vinho Tinto do Ano, edi\u00e7\u00e3o anual de vinhos 2014, Revista Gula, S.Paulo \/Brasil, Medalha de prata concurso vinhos de Portugal 2014<\/p><p>Colheita 2013 &#8211; 16.5 pontos, Revista de Vinhos Dezembro 2015, Medalha de Ouro Concurso Portugal Wine Trophy 2016<\/p>\t\t\t\t\t\t<\/div>\n\t\t\t\t<\/div>\n\t\t\t\t<div class=\"elementor-element elementor-element-3579e7f elementor-widget elementor-widget-heading\" data-id=\"3579e7f\" data-element_type=\"widget\" data-widget_type=\"heading.default\">\n\t\t\t\t<div class=\"elementor-widget-container\">\n\t\t\t<h2 class=\"elementor-heading-title elementor-size-default\">Kompassus <br>\n<span style=\"color: #ab986a;\"> Reserva White <\/span> <br>\n2020 <br><\/h2>\t\t<\/div>\n\t\t\t\t<\/div>\n\t\t\t\t<div class=\"elementor-element elementor-element-51d1af8 elementor-widget elementor-widget-heading\" data-id=\"51d1af8\" data-element_type=\"widget\" data-widget_type=\"heading.default\">\n\t\t\t\t<div class=\"elementor-widget-container\">\n\t\t\t<h2 class=\"elementor-heading-title elementor-size-default\">Awards<\/h2>\t\t<\/div>\n\t\t\t\t<\/div>\n\t\t\t\t<div class=\"elementor-element elementor-element-c5575a2 elementor-widget elementor-widget-text-editor\" data-id=\"c5575a2\" data-element_type=\"widget\" data-widget_type=\"text-editor.default\">\n\t\t\t\t<div class=\"elementor-widget-container\">\n\t\t\t\t\t\t\t<p>Colheita 2006 &#8211; 17 pontos, Revista de Vinhos Dezembro 2008<\/p><p>Colheita 2011 &#8211; 16 pontos, Revista de Vinhos Outubro 2012<\/p><p>Colheita 2013 \u2013 18 pontos, Revista de Vinhos Setembro 2016; Melhor do Ano e da Regi\u00e3o 2016 pela Revista de Vinhos Fev 2017<\/p><p>Colheita 2015 \u2013 17.5 pontos, Revista Vinho \u2013 Grandes Escolhas Agosto 2017; Boa Escolha &#8211; Melhor rela\u00e7\u00e3o pre\u00e7o\/qualidade entre brancos portugueses.<\/p>\t\t\t\t\t\t<\/div>\n\t\t\t\t<\/div>\n\t\t\t\t\t<\/div>\n\t\t<\/div>\n\t\t\t\t\t<\/div>\n\t\t<\/section>\n\t\t\t\t<section class=\"elementor-section elementor-top-section elementor-element elementor-element-9415c78 elementor-section-boxed elementor-section-height-default elementor-section-height-default wpr-particle-no wpr-jarallax-no wpr-parallax-no wpr-sticky-section-no\" data-id=\"9415c78\" data-element_type=\"section\" data-settings=\"{&quot;background_background&quot;:&quot;classic&quot;}\">\n\t\t\t\t\t\t<div class=\"elementor-container elementor-column-gap-default\">\n\t\t\t\t\t<div class=\"elementor-column elementor-col-33 elementor-top-column elementor-element elementor-element-9bf11b4\" data-id=\"9bf11b4\" data-element_type=\"column\">\n\t\t\t<div class=\"elementor-widget-wrap elementor-element-populated\">\n\t\t\t\t\t\t<div class=\"elementor-element elementor-element-4902d34 elementor-widget elementor-widget-image\" data-id=\"4902d34\" data-element_type=\"widget\" data-widget_type=\"image.default\">\n\t\t\t\t<div class=\"elementor-widget-container\">\n\t\t\t\t\t\t\t\t\t\t\t\t\t<img decoding=\"async\" width=\"800\" height=\"270\" src=\"https:\/\/kompassus.pt\/wp-content\/uploads\/2023\/04\/cropped-logo_kompassus_boutique-1024x346.png\" class=\"attachment-large size-large wp-image-341\" alt=\"\" srcset=\"https:\/\/kompassus.pt\/wp-content\/uploads\/2023\/04\/cropped-logo_kompassus_boutique-1024x346.png 1024w, https:\/\/kompassus.pt\/wp-content\/uploads\/2023\/04\/cropped-logo_kompassus_boutique-300x101.png 300w, https:\/\/kompassus.pt\/wp-content\/uploads\/2023\/04\/cropped-logo_kompassus_boutique-768x259.png 768w, https:\/\/kompassus.pt\/wp-content\/uploads\/2023\/04\/cropped-logo_kompassus_boutique-1536x519.png 1536w, https:\/\/kompassus.pt\/wp-content\/uploads\/2023\/04\/cropped-logo_kompassus_boutique-2048x692.png 2048w\" sizes=\"(max-width: 800px) 100vw, 800px\" \/>\t\t\t\t\t\t\t\t\t\t\t\t\t<\/div>\n\t\t\t\t<\/div>\n\t\t\t\t\t<\/div>\n\t\t<\/div>\n\t\t\t\t<div class=\"elementor-column elementor-col-33 elementor-top-column elementor-element elementor-element-55ec984\" data-id=\"55ec984\" data-element_type=\"column\">\n\t\t\t<div class=\"elementor-widget-wrap elementor-element-populated\">\n\t\t\t\t\t\t<div class=\"elementor-element elementor-element-55a8511 elementor-shape-rounded elementor-grid-0 e-grid-align-center elementor-widget elementor-widget-social-icons\" data-id=\"55a8511\" data-element_type=\"widget\" data-widget_type=\"social-icons.default\">\n\t\t\t\t<div class=\"elementor-widget-container\">\n\t\t\t<style>\/*! elementor - v3.22.0 - 26-06-2024 *\/\n.elementor-widget-social-icons.elementor-grid-0 .elementor-widget-container,.elementor-widget-social-icons.elementor-grid-mobile-0 .elementor-widget-container,.elementor-widget-social-icons.elementor-grid-tablet-0 .elementor-widget-container{line-height:1;font-size:0}.elementor-widget-social-icons:not(.elementor-grid-0):not(.elementor-grid-tablet-0):not(.elementor-grid-mobile-0) .elementor-grid{display:inline-grid}.elementor-widget-social-icons .elementor-grid{grid-column-gap:var(--grid-column-gap,5px);grid-row-gap:var(--grid-row-gap,5px);grid-template-columns:var(--grid-template-columns);justify-content:var(--justify-content,center);justify-items:var(--justify-content,center)}.elementor-icon.elementor-social-icon{font-size:var(--icon-size,25px);line-height:var(--icon-size,25px);width:calc(var(--icon-size, 25px) + 2 * var(--icon-padding, .5em));height:calc(var(--icon-size, 25px) + 2 * var(--icon-padding, .5em))}.elementor-social-icon{--e-social-icon-icon-color:#fff;display:inline-flex;background-color:#69727d;align-items:center;justify-content:center;text-align:center;cursor:pointer}.elementor-social-icon i{color:var(--e-social-icon-icon-color)}.elementor-social-icon svg{fill:var(--e-social-icon-icon-color)}.elementor-social-icon:last-child{margin:0}.elementor-social-icon:hover{opacity:.9;color:#fff}.elementor-social-icon-android{background-color:#a4c639}.elementor-social-icon-apple{background-color:#999}.elementor-social-icon-behance{background-color:#1769ff}.elementor-social-icon-bitbucket{background-color:#205081}.elementor-social-icon-codepen{background-color:#000}.elementor-social-icon-delicious{background-color:#39f}.elementor-social-icon-deviantart{background-color:#05cc47}.elementor-social-icon-digg{background-color:#005be2}.elementor-social-icon-dribbble{background-color:#ea4c89}.elementor-social-icon-elementor{background-color:#d30c5c}.elementor-social-icon-envelope{background-color:#ea4335}.elementor-social-icon-facebook,.elementor-social-icon-facebook-f{background-color:#3b5998}.elementor-social-icon-flickr{background-color:#0063dc}.elementor-social-icon-foursquare{background-color:#2d5be3}.elementor-social-icon-free-code-camp,.elementor-social-icon-freecodecamp{background-color:#006400}.elementor-social-icon-github{background-color:#333}.elementor-social-icon-gitlab{background-color:#e24329}.elementor-social-icon-globe{background-color:#69727d}.elementor-social-icon-google-plus,.elementor-social-icon-google-plus-g{background-color:#dd4b39}.elementor-social-icon-houzz{background-color:#7ac142}.elementor-social-icon-instagram{background-color:#262626}.elementor-social-icon-jsfiddle{background-color:#487aa2}.elementor-social-icon-link{background-color:#818a91}.elementor-social-icon-linkedin,.elementor-social-icon-linkedin-in{background-color:#0077b5}.elementor-social-icon-medium{background-color:#00ab6b}.elementor-social-icon-meetup{background-color:#ec1c40}.elementor-social-icon-mixcloud{background-color:#273a4b}.elementor-social-icon-odnoklassniki{background-color:#f4731c}.elementor-social-icon-pinterest{background-color:#bd081c}.elementor-social-icon-product-hunt{background-color:#da552f}.elementor-social-icon-reddit{background-color:#ff4500}.elementor-social-icon-rss{background-color:#f26522}.elementor-social-icon-shopping-cart{background-color:#4caf50}.elementor-social-icon-skype{background-color:#00aff0}.elementor-social-icon-slideshare{background-color:#0077b5}.elementor-social-icon-snapchat{background-color:#fffc00}.elementor-social-icon-soundcloud{background-color:#f80}.elementor-social-icon-spotify{background-color:#2ebd59}.elementor-social-icon-stack-overflow{background-color:#fe7a15}.elementor-social-icon-steam{background-color:#00adee}.elementor-social-icon-stumbleupon{background-color:#eb4924}.elementor-social-icon-telegram{background-color:#2ca5e0}.elementor-social-icon-threads{background-color:#000}.elementor-social-icon-thumb-tack{background-color:#1aa1d8}.elementor-social-icon-tripadvisor{background-color:#589442}.elementor-social-icon-tumblr{background-color:#35465c}.elementor-social-icon-twitch{background-color:#6441a5}.elementor-social-icon-twitter{background-color:#1da1f2}.elementor-social-icon-viber{background-color:#665cac}.elementor-social-icon-vimeo{background-color:#1ab7ea}.elementor-social-icon-vk{background-color:#45668e}.elementor-social-icon-weibo{background-color:#dd2430}.elementor-social-icon-weixin{background-color:#31a918}.elementor-social-icon-whatsapp{background-color:#25d366}.elementor-social-icon-wordpress{background-color:#21759b}.elementor-social-icon-x-twitter{background-color:#000}.elementor-social-icon-xing{background-color:#026466}.elementor-social-icon-yelp{background-color:#af0606}.elementor-social-icon-youtube{background-color:#cd201f}.elementor-social-icon-500px{background-color:#0099e5}.elementor-shape-rounded .elementor-icon.elementor-social-icon{border-radius:10%}.elementor-shape-circle .elementor-icon.elementor-social-icon{border-radius:50%}<\/style>\t\t<div class=\"elementor-social-icons-wrapper elementor-grid\">\n\t\t\t\t\t\t\t<span class=\"elementor-grid-item\">\n\t\t\t\t\t<a class=\"elementor-icon elementor-social-icon elementor-social-icon-facebook elementor-repeater-item-9f9979c\" href=\"https:\/\/www.facebook.com\/kompassus\/\" target=\"_blank\">\n\t\t\t\t\t\t<span class=\"elementor-screen-only\">Facebook<\/span>\n\t\t\t\t\t\t<i class=\"fab fa-facebook\"><\/i>\t\t\t\t\t<\/a>\n\t\t\t\t<\/span>\n\t\t\t\t\t\t\t<span class=\"elementor-grid-item\">\n\t\t\t\t\t<a class=\"elementor-icon elementor-social-icon elementor-social-icon-instagram elementor-repeater-item-001bb45\" href=\"https:\/\/www.instagram.com\/kompassus\/\" target=\"_blank\">\n\t\t\t\t\t\t<span class=\"elementor-screen-only\">Instagram<\/span>\n\t\t\t\t\t\t<i class=\"fab fa-instagram\"><\/i>\t\t\t\t\t<\/a>\n\t\t\t\t<\/span>\n\t\t\t\t\t<\/div>\n\t\t\t\t<\/div>\n\t\t\t\t<\/div>\n\t\t\t\t\t<\/div>\n\t\t<\/div>\n\t\t\t\t<div class=\"elementor-column elementor-col-33 elementor-top-column elementor-element elementor-element-c574a3d\" data-id=\"c574a3d\" data-element_type=\"column\">\n\t\t\t<div class=\"elementor-widget-wrap elementor-element-populated\">\n\t\t\t\t\t\t<div class=\"elementor-element elementor-element-c1dcfd9 elementor-widget elementor-widget-text-editor\" data-id=\"c1dcfd9\" data-element_type=\"widget\" data-widget_type=\"text-editor.default\">\n\t\t\t\t<div class=\"elementor-widget-container\">\n\t\t\t\t\t\t\t<div class=\"col-md-4 pull-right\"><p class=\"copyright\">Copyright 2023 Kompassus Lda.\u00a0<\/p><\/div>\t\t\t\t\t\t<\/div>\n\t\t\t\t<\/div>\n\t\t\t\t\t<\/div>\n\t\t<\/div>\n\t\t\t\t\t<\/div>\n\t\t<\/section>\n\t\t\t\t<\/div>\n\t\t","protected":false},"excerpt":{"rendered":"<p>Kompassus Reserva Kompassus Reserva Red 2019 Awards Colheita 2005 &#8211; 17 pontos, Revista de Vinhos Dezembro 2008, Melhores do ano, Revista dos Vinhos Fevereiro 2009 Colheita 2006 &#8211; 17.5 pontos, Revista de Vinhos Janeiro 2010 Colheita 2011 &#8211; Vinho Tinto do Ano, edi\u00e7\u00e3o anual de vinhos 2014, Revista Gula, S.Paulo \/Brasil, Medalha de prata concurso vinhos de Portugal 2014 Colheita 2013 &#8211; 16.5 pontos, Revista de Vinhos Dezembro 2015, Medalha de Ouro Concurso Portugal Wine Trophy 2016 Kompassus Reserva White 2020 Awards Colheita 2006 &#8211; 17 pontos, Revista de Vinhos Dezembro 2008 Colheita 2011 &#8211; 16 pontos, Revista de Vinhos Outubro 2012 Colheita 2013 \u2013 18 pontos, Revista de Vinhos Setembro 2016; Melhor do Ano e da Regi\u00e3o 2016 pela Revista de Vinhos Fev 2017 Colheita 2015 \u2013 17.5 pontos, Revista Vinho \u2013 Grandes Escolhas Agosto 2017; Boa Escolha &#8211; Melhor rela\u00e7\u00e3o pre\u00e7o\/qualidade entre brancos portugueses. Facebook Instagram Copyright 2023 Kompassus Lda.\u00a0<\/p>\n","protected":false},"author":1,"featured_media":0,"parent":0,"menu_order":0,"comment_status":"closed","ping_status":"closed","template":"","meta":{"footnotes":""},"class_list":["post-400","page","type-page","status-publish","hentry"],"yoast_head":"<!-- This site is optimized with the Yoast SEO plugin v22.9 - https:\/\/yoast.com\/wordpress\/plugins\/seo\/ -->\n<title>Kompassus Reserva | Kompassus<\/title>\n<meta name=\"description\" content=\"Kompassus Reserva Tinto | Kompassus Reserva Branco\" \/>\n<meta name=\"robots\" content=\"index, follow, max-snippet:-1, max-image-preview:large, max-video-preview:-1\" \/>\n<link rel=\"canonical\" href=\"https:\/\/kompassus.pt\/?page_id=400&lang=en\" \/>\n<meta property=\"og:locale\" content=\"pt_PT\" \/>\n<meta property=\"og:type\" content=\"article\" \/>\n<meta property=\"og:title\" content=\"Kompassus Reserva | Kompassus\" \/>\n<meta property=\"og:description\" content=\"Kompassus Reserva Tinto | Kompassus Reserva Branco\" \/>\n<meta property=\"og:url\" content=\"https:\/\/kompassus.pt\/?page_id=400&amp;lang=en\" \/>\n<meta property=\"og:site_name\" content=\"Kompassus\" \/>\n<meta property=\"article:publisher\" content=\"https:\/\/www.facebook.com\/kompassus\/\" \/>\n<meta property=\"article:modified_time\" content=\"2023-04-15T10:47:42+00:00\" \/>\n<meta property=\"og:image\" content=\"https:\/\/kompassus.pt\/2023\/wp-content\/uploads\/2023\/02\/kompassus_reserva.png\" \/>\n<meta name=\"twitter:card\" content=\"summary_large_image\" \/>\n<meta name=\"twitter:label1\" content=\"Tempo estimado de leitura\" \/>\n\t<meta name=\"twitter:data1\" content=\"2 minutos\" \/>\n<script type=\"application\/ld+json\" class=\"yoast-schema-graph\">{\"@context\":\"https:\/\/schema.org\",\"@graph\":[{\"@type\":\"WebPage\",\"@id\":\"https:\/\/kompassus.pt\/?page_id=400&lang=en\",\"url\":\"https:\/\/kompassus.pt\/?page_id=400&lang=en\",\"name\":\"Kompassus Reserva | Kompassus\",\"isPartOf\":{\"@id\":\"https:\/\/kompassus.pt\/#website\"},\"primaryImageOfPage\":{\"@id\":\"https:\/\/kompassus.pt\/?page_id=400&lang=en#primaryimage\"},\"image\":{\"@id\":\"https:\/\/kompassus.pt\/?page_id=400&lang=en#primaryimage\"},\"thumbnailUrl\":\"https:\/\/kompassus.pt\/2023\/wp-content\/uploads\/2023\/02\/kompassus_reserva.png\",\"datePublished\":\"2023-04-15T10:17:11+00:00\",\"dateModified\":\"2023-04-15T10:47:42+00:00\",\"description\":\"Kompassus Reserva Tinto | Kompassus Reserva Branco\",\"breadcrumb\":{\"@id\":\"https:\/\/kompassus.pt\/?page_id=400&lang=en#breadcrumb\"},\"inLanguage\":\"pt-PT\",\"potentialAction\":[{\"@type\":\"ReadAction\",\"target\":[\"https:\/\/kompassus.pt\/?page_id=400&lang=en\"]}]},{\"@type\":\"ImageObject\",\"inLanguage\":\"pt-PT\",\"@id\":\"https:\/\/kompassus.pt\/?page_id=400&lang=en#primaryimage\",\"url\":\"https:\/\/kompassus.pt\/wp-content\/uploads\/2023\/02\/kompassus_reserva.png\",\"contentUrl\":\"https:\/\/kompassus.pt\/wp-content\/uploads\/2023\/02\/kompassus_reserva.png\",\"width\":538,\"height\":792},{\"@type\":\"BreadcrumbList\",\"@id\":\"https:\/\/kompassus.pt\/?page_id=400&lang=en#breadcrumb\",\"itemListElement\":[{\"@type\":\"ListItem\",\"position\":1,\"name\":\"In\u00edcio\",\"item\":\"https:\/\/kompassus.pt\/\"},{\"@type\":\"ListItem\",\"position\":2,\"name\":\"Kompassus Reserva EN\"}]},{\"@type\":\"WebSite\",\"@id\":\"https:\/\/kompassus.pt\/#website\",\"url\":\"https:\/\/kompassus.pt\/\",\"name\":\"Kompassus\",\"description\":\"Boutique Winery\",\"publisher\":{\"@id\":\"https:\/\/kompassus.pt\/#organization\"},\"potentialAction\":[{\"@type\":\"SearchAction\",\"target\":{\"@type\":\"EntryPoint\",\"urlTemplate\":\"https:\/\/kompassus.pt\/?s={search_term_string}\"},\"query-input\":\"required name=search_term_string\"}],\"inLanguage\":\"pt-PT\"},{\"@type\":\"Organization\",\"@id\":\"https:\/\/kompassus.pt\/#organization\",\"name\":\"Kompassus\",\"url\":\"https:\/\/kompassus.pt\/\",\"logo\":{\"@type\":\"ImageObject\",\"inLanguage\":\"pt-PT\",\"@id\":\"https:\/\/kompassus.pt\/#\/schema\/logo\/image\/\",\"url\":\"https:\/\/kompassus.pt\/2023\/wp-content\/uploads\/2023\/04\/cropped-logo_kompassus_boutique.png\",\"contentUrl\":\"https:\/\/kompassus.pt\/2023\/wp-content\/uploads\/2023\/04\/cropped-logo_kompassus_boutique.png\",\"width\":2316,\"height\":782,\"caption\":\"Kompassus\"},\"image\":{\"@id\":\"https:\/\/kompassus.pt\/#\/schema\/logo\/image\/\"},\"sameAs\":[\"https:\/\/www.facebook.com\/kompassus\/\",\"https:\/\/www.instagram.com\/kompassus\/\"]}]}<\/script>\n<!-- \/ Yoast SEO plugin. -->","yoast_head_json":{"title":"Kompassus Reserva | Kompassus","description":"Kompassus Reserva Tinto | Kompassus Reserva Branco","robots":{"index":"index","follow":"follow","max-snippet":"max-snippet:-1","max-image-preview":"max-image-preview:large","max-video-preview":"max-video-preview:-1"},"canonical":"https:\/\/kompassus.pt\/?page_id=400&lang=en","og_locale":"pt_PT","og_type":"article","og_title":"Kompassus Reserva | Kompassus","og_description":"Kompassus Reserva Tinto | Kompassus Reserva Branco","og_url":"https:\/\/kompassus.pt\/?page_id=400&lang=en","og_site_name":"Kompassus","article_publisher":"https:\/\/www.facebook.com\/kompassus\/","article_modified_time":"2023-04-15T10:47:42+00:00","og_image":[{"url":"https:\/\/kompassus.pt\/2023\/wp-content\/uploads\/2023\/02\/kompassus_reserva.png"}],"twitter_card":"summary_large_image","twitter_misc":{"Tempo estimado de leitura":"2 minutos"},"schema":{"@context":"https:\/\/schema.org","@graph":[{"@type":"WebPage","@id":"https:\/\/kompassus.pt\/?page_id=400&lang=en","url":"https:\/\/kompassus.pt\/?page_id=400&lang=en","name":"Kompassus Reserva | Kompassus","isPartOf":{"@id":"https:\/\/kompassus.pt\/#website"},"primaryImageOfPage":{"@id":"https:\/\/kompassus.pt\/?page_id=400&lang=en#primaryimage"},"image":{"@id":"https:\/\/kompassus.pt\/?page_id=400&lang=en#primaryimage"},"thumbnailUrl":"https:\/\/kompassus.pt\/2023\/wp-content\/uploads\/2023\/02\/kompassus_reserva.png","datePublished":"2023-04-15T10:17:11+00:00","dateModified":"2023-04-15T10:47:42+00:00","description":"Kompassus Reserva Tinto | Kompassus Reserva Branco","breadcrumb":{"@id":"https:\/\/kompassus.pt\/?page_id=400&lang=en#breadcrumb"},"inLanguage":"pt-PT","potentialAction":[{"@type":"ReadAction","target":["https:\/\/kompassus.pt\/?page_id=400&lang=en"]}]},{"@type":"ImageObject","inLanguage":"pt-PT","@id":"https:\/\/kompassus.pt\/?page_id=400&lang=en#primaryimage","url":"https:\/\/kompassus.pt\/wp-content\/uploads\/2023\/02\/kompassus_reserva.png","contentUrl":"https:\/\/kompassus.pt\/wp-content\/uploads\/2023\/02\/kompassus_reserva.png","width":538,"height":792},{"@type":"BreadcrumbList","@id":"https:\/\/kompassus.pt\/?page_id=400&lang=en#breadcrumb","itemListElement":[{"@type":"ListItem","position":1,"name":"In\u00edcio","item":"https:\/\/kompassus.pt\/"},{"@type":"ListItem","position":2,"name":"Kompassus Reserva EN"}]},{"@type":"WebSite","@id":"https:\/\/kompassus.pt\/#website","url":"https:\/\/kompassus.pt\/","name":"Kompassus","description":"Boutique Winery","publisher":{"@id":"https:\/\/kompassus.pt\/#organization"},"potentialAction":[{"@type":"SearchAction","target":{"@type":"EntryPoint","urlTemplate":"https:\/\/kompassus.pt\/?s={search_term_string}"},"query-input":"required name=search_term_string"}],"inLanguage":"pt-PT"},{"@type":"Organization","@id":"https:\/\/kompassus.pt\/#organization","name":"Kompassus","url":"https:\/\/kompassus.pt\/","logo":{"@type":"ImageObject","inLanguage":"pt-PT","@id":"https:\/\/kompassus.pt\/#\/schema\/logo\/image\/","url":"https:\/\/kompassus.pt\/2023\/wp-content\/uploads\/2023\/04\/cropped-logo_kompassus_boutique.png","contentUrl":"https:\/\/kompassus.pt\/2023\/wp-content\/uploads\/2023\/04\/cropped-logo_kompassus_boutique.png","width":2316,"height":782,"caption":"Kompassus"},"image":{"@id":"https:\/\/kompassus.pt\/#\/schema\/logo\/image\/"},"sameAs":["https:\/\/www.facebook.com\/kompassus\/","https:\/\/www.instagram.com\/kompassus\/"]}]}},"_links":{"self":[{"href":"https:\/\/kompassus.pt\/index.php?rest_route=\/wp\/v2\/pages\/400","targetHints":{"allow":["GET"]}}],"collection":[{"href":"https:\/\/kompassus.pt\/index.php?rest_route=\/wp\/v2\/pages"}],"about":[{"href":"https:\/\/kompassus.pt\/index.php?rest_route=\/wp\/v2\/types\/page"}],"author":[{"embeddable":true,"href":"https:\/\/kompassus.pt\/index.php?rest_route=\/wp\/v2\/users\/1"}],"replies":[{"embeddable":true,"href":"https:\/\/kompassus.pt\/index.php?rest_route=%2Fwp%2Fv2%2Fcomments&post=400"}],"version-history":[{"count":7,"href":"https:\/\/kompassus.pt\/index.php?rest_route=\/wp\/v2\/pages\/400\/revisions"}],"predecessor-version":[{"id":483,"href":"https:\/\/kompassus.pt\/index.php?rest_route=\/wp\/v2\/pages\/400\/revisions\/483"}],"wp:attachment":[{"href":"https:\/\/kompassus.pt\/index.php?rest_route=%2Fwp%2Fv2%2Fmedia&parent=400"}],"curies":[{"name":"wp","href":"https:\/\/api.w.org\/{rel}","templated":true}]}}